{"id":42,"date":"2017-09-11T16:52:44","date_gmt":"2017-09-11T16:52:44","guid":{"rendered":"http:\/\/www.devicesystems.se\/wp\/?page_id=42"},"modified":"2026-04-24T07:21:21","modified_gmt":"2026-04-24T07:21:21","slug":"start","status":"publish","type":"page","link":"https:\/\/www.devicesystems.se\/","title":{"rendered":"V\u00e4lkommen!"},"content":{"rendered":"<h4><b>Device Systems AB<\/b>\u00a0\u00e4r ett IT Konsult f\u00f6retag f\u00f6r dig som efterfr\u00e5gar service och stabilitet. Om du v\u00e4ljer att ge oss f\u00f6rtroendet kommer du m\u00e4rka att du inte bara f\u00e5r en bra tj\u00e4nst till r\u00e4tt pris utan att du ocks\u00e5 hamnar i gott s\u00e4llskap.<\/h4>\n<h4>Du kan v\u00e4nda dig till oss oavsett om du efterfr\u00e5gar en IT-l\u00f6sning eller f\u00f6r att f\u00e5 hj\u00e4lp med implementeringsarbete. Det viktiga \u00e4r att l\u00f6sningarna vi erbjuder \u00f6kar kundens konkurrenskraft. Vi finns tillhands f\u00f6r dig n\u00e4r du beh\u00f6ver oss.<\/h4>\n<h4>Fr\u00e5n id\u00e9 till implementation. Och d\u00e4refter. Bred kompetens &#8211; mer \u00e4n 25 \u00e5rs branscherfarenhet.<\/h4>\n<h1><b>Device Systems AB<\/b><\/h1>\n<h6>\u00d6stra Stationsgatan 29<br \/>\n821 40 BOLLN\u00c4S<br \/>\nE-Post:\u00a0<a href=\"mailto:info@devicesystems.se\">info@devicesystems.se<\/a><br \/>\nOrg.nr: 556668-8932<\/h6>\n<h6><b>Kontaktperson<\/b><br \/>\nJens Jonsson<br \/>\nMobil: +46 70 258 68 77<br \/>\nE-Post:\u00a0<a href=\"mailto:jens.jonsson@devicesystems.se\">jens.jonsson@devicesystems.se<\/a><\/h6>\n<p><img loading=\"lazy\" decoding=\"async\" class=\"alignleft\" src=\"http:\/\/devicesystems.se\/images\/rj45.jpg\" width=\"250\" height=\"134\" border=\"0\" \/><\/p>\n","protected":false},"excerpt":{"rendered":"<p>Device Systems AB\u00a0\u00e4r ett IT Konsult f\u00f6retag f\u00f6r dig som efterfr\u00e5gar service och stabilitet. Om du v\u00e4ljer att ge oss f\u00f6rtroendet kommer du m\u00e4rka att du inte bara f\u00e5r en bra tj\u00e4nst till r\u00e4tt pris utan att du ocks\u00e5 hamnar i gott s\u00e4llskap. Du kan v\u00e4nda dig till oss oavsett om du efterfr\u00e5gar en IT-l\u00f6sning &hellip; <\/p>\n<p class=\"link-more\"><a href=\"https:\/\/www.devicesystems.se\/\" class=\"more-link\">Continue reading<span class=\"screen-reader-text\"> &#8220;V\u00e4lkommen!&#8221;<\/span><\/a><\/p>\n","protected":false},"author":1,"featured_media":0,"parent":0,"menu_order":0,"comment_status":"closed","ping_status":"closed","template":"","meta":{"footnotes":""},"class_list":["post-42","page","type-page","status-publish","hentry"],"_links":{"self":[{"href":"https:\/\/www.devicesystems.se\/index.php\/wp-json\/wp\/v2\/pages\/42","targetHints":{"allow":["GET"]}}],"collection":[{"href":"https:\/\/www.devicesystems.se\/index.php\/wp-json\/wp\/v2\/pages"}],"about":[{"href":"https:\/\/www.devicesystems.se\/index.php\/wp-json\/wp\/v2\/types\/page"}],"author":[{"embeddable":true,"href":"https:\/\/www.devicesystems.se\/index.php\/wp-json\/wp\/v2\/users\/1"}],"replies":[{"embeddable":true,"href":"https:\/\/www.devicesystems.se\/index.php\/wp-json\/wp\/v2\/comments?post=42"}],"version-history":[{"count":19,"href":"https:\/\/www.devicesystems.se\/index.php\/wp-json\/wp\/v2\/pages\/42\/revisions"}],"predecessor-version":[{"id":132,"href":"https:\/\/www.devicesystems.se\/index.php\/wp-json\/wp\/v2\/pages\/42\/revisions\/132"}],"wp:attachment":[{"href":"https:\/\/www.devicesystems.se\/index.php\/wp-json\/wp\/v2\/media?parent=42"}],"curies":[{"name":"wp","href":"https:\/\/api.w.org\/{rel}","templated":true}]}}