{"id":22,"date":"2017-09-11T08:54:02","date_gmt":"2017-09-11T08:54:02","guid":{"rendered":"http:\/\/www.devicesystems.se\/wp\/?page_id=22"},"modified":"2026-04-24T07:29:16","modified_gmt":"2026-04-24T07:29:16","slug":"produkter","status":"publish","type":"page","link":"https:\/\/www.devicesystems.se\/index.php\/produkter\/","title":{"rendered":"Produkter"},"content":{"rendered":"\n<h6 class=\"wp-block-heading\">Vi leverarar IT produkter s\u00e5 som datorer, servrar, programvaror, system. Fr\u00e5n aff\u00e4rssystem, POS produkter och molntj\u00e4nster till kamera\u00f6vervakning.<\/h6>\n\n\n\n<h6 class=\"wp-block-heading\">Idag jobbar vi mycket med molntj\u00e4nsterna Office 365 enterprise och Microsoft Azure d\u00e5 marknaden f\u00f6r f\u00f6retags IT fokuserats mer och mer p\u00e5 just &#8220;molnet&#8221;. Genom v\u00e5rt kunnande ser vi till att ni f\u00e5r r\u00e4tt produkter till r\u00e4tt pris f\u00f6r just eran verksamhet.<\/h6>\n\n\n\n<h6 class=\"wp-block-heading\">Vi har \u00e4ven ett antal egen utvecklade programvaror. Bland annat bes\u00f6kssystem f\u00f6r incheckning och onlinedatabaser f\u00f6r registrering \u00e4renden.<\/h6>\n\n\n<div class=\"wp-block-image\">\n<figure class=\"aligncenter\"><img decoding=\"async\" src=\"http:\/\/devicesystems.se\/images\/prodlogo\/mspartner.png\" alt=\"Microsoft Partner\"\/><\/figure>\n<\/div>\n\n<div class=\"wp-block-image\">\n<figure class=\"alignright\"><img decoding=\"async\" src=\"http:\/\/devicesystems.se\/images\/prodlogo\/office365.png\" alt=\"Office 365\"\/><\/figure>\n<\/div>\n\n<div class=\"wp-block-image\">\n<figure class=\"aligncenter\"><img decoding=\"async\" src=\"http:\/\/devicesystems.se\/images\/prodlogo\/microsoft.jpg\" alt=\"\"\/><\/figure>\n<\/div>\n\n\n<figure class=\"wp-block-image\"><img decoding=\"async\" src=\"http:\/\/devicesystems.se\/images\/prodlogo\/citrix.gif\" alt=\"\"\/><\/figure>\n\n\n\n<figure class=\"wp-block-image size-full\"><img loading=\"lazy\" decoding=\"async\" width=\"222\" height=\"82\" src=\"https:\/\/www.devicesystems.se\/wp-content\/uploads\/2026\/04\/fortinet.png\" alt=\"\" class=\"wp-image-134\"\/><\/figure>\n\n\n<div class=\"wp-block-image\">\n<figure class=\"aligncenter\"><img decoding=\"async\" src=\"http:\/\/devicesystems.se\/images\/prodlogo\/HP_partner.png\" alt=\"HP_partner\"\/><\/figure>\n<\/div>\n\n\n<p><\/p>\n\n\n<div class=\"wp-block-image\">\n<figure class=\"aligncenter\"><img decoding=\"async\" src=\"http:\/\/devicesystems.se\/images\/prodlogo\/cisco.gif\" alt=\"\"\/><\/figure>\n<\/div>\n\n<div class=\"wp-block-image\">\n<figure class=\"alignright\"><img decoding=\"async\" src=\"http:\/\/devicesystems.se\/images\/prodlogo\/96688296.gif\" alt=\"\"\/><\/figure>\n<\/div>\n\n\n<p><\/p>\n\n\n\n<figure class=\"wp-block-image\"><img decoding=\"async\" src=\"http:\/\/devicesystems.se\/images\/prodlogo\/azure.png\" alt=\"Azure\"\/><\/figure>\n\n\n<div class=\"wp-block-image\">\n<figure class=\"aligncenter\"><img decoding=\"async\" src=\"http:\/\/devicesystems.se\/images\/prodlogo\/hp_logo.gif\" alt=\"\"\/><\/figure>\n<\/div>\n\n<div class=\"wp-block-image\">\n<figure class=\"alignright\"><img decoding=\"async\" src=\"http:\/\/devicesystems.se\/images\/prodlogo\/logo.gif\" alt=\"\"\/><\/figure>\n<\/div>\n\n\n<p><\/p>\n\n\n<div class=\"wp-block-image\">\n<figure class=\"alignleft\"><img decoding=\"async\" src=\"http:\/\/devicesystems.se\/images\/wa_logo.gif\" alt=\"\"\/><\/figure>\n<\/div>\n\n\n<p><\/p>\n\n\n\n<figure class=\"wp-block-image\"><img loading=\"lazy\" decoding=\"async\" width=\"200\" height=\"200\" src=\"http:\/\/www.devicesystems.se\/wp-content\/uploads\/2018\/06\/oki.jpg\" alt=\"\" class=\"wp-image-87\" srcset=\"https:\/\/www.devicesystems.se\/wp-content\/uploads\/2018\/06\/oki.jpg 200w, https:\/\/www.devicesystems.se\/wp-content\/uploads\/2018\/06\/oki-150x150.jpg 150w\" sizes=\"auto, (max-width: 200px) 100vw, 200px\" \/><\/figure>\n\n\n\n<p><\/p>\n","protected":false},"excerpt":{"rendered":"<p>Vi leverarar IT produkter s\u00e5 som datorer, servrar, programvaror, system. Fr\u00e5n aff\u00e4rssystem, POS produkter och molntj\u00e4nster till kamera\u00f6vervakning. Idag jobbar vi mycket med molntj\u00e4nsterna Office 365 enterprise och Microsoft Azure d\u00e5 marknaden f\u00f6r f\u00f6retags IT fokuserats mer och mer p\u00e5 just &#8220;molnet&#8221;. Genom v\u00e5rt kunnande ser vi till att ni f\u00e5r r\u00e4tt produkter till r\u00e4tt &hellip; <\/p>\n<p class=\"link-more\"><a href=\"https:\/\/www.devicesystems.se\/index.php\/produkter\/\" class=\"more-link\">Continue reading<span class=\"screen-reader-text\"> &#8220;Produkter&#8221;<\/span><\/a><\/p>\n","protected":false},"author":1,"featured_media":0,"parent":0,"menu_order":0,"comment_status":"closed","ping_status":"closed","template":"","meta":{"footnotes":""},"class_list":["post-22","page","type-page","status-publish","hentry"],"_links":{"self":[{"href":"https:\/\/www.devicesystems.se\/index.php\/wp-json\/wp\/v2\/pages\/22","targetHints":{"allow":["GET"]}}],"collection":[{"href":"https:\/\/www.devicesystems.se\/index.php\/wp-json\/wp\/v2\/pages"}],"about":[{"href":"https:\/\/www.devicesystems.se\/index.php\/wp-json\/wp\/v2\/types\/page"}],"author":[{"embeddable":true,"href":"https:\/\/www.devicesystems.se\/index.php\/wp-json\/wp\/v2\/users\/1"}],"replies":[{"embeddable":true,"href":"https:\/\/www.devicesystems.se\/index.php\/wp-json\/wp\/v2\/comments?post=22"}],"version-history":[{"count":10,"href":"https:\/\/www.devicesystems.se\/index.php\/wp-json\/wp\/v2\/pages\/22\/revisions"}],"predecessor-version":[{"id":135,"href":"https:\/\/www.devicesystems.se\/index.php\/wp-json\/wp\/v2\/pages\/22\/revisions\/135"}],"wp:attachment":[{"href":"https:\/\/www.devicesystems.se\/index.php\/wp-json\/wp\/v2\/media?parent=22"}],"curies":[{"name":"wp","href":"https:\/\/api.w.org\/{rel}","templated":true}]}}