{"id":12,"date":"2017-09-11T08:32:44","date_gmt":"2017-09-11T08:32:44","guid":{"rendered":"http:\/\/www.devicesystems.se\/wp\/?page_id=12"},"modified":"2022-07-25T23:20:00","modified_gmt":"2022-07-25T23:20:00","slug":"tjanster","status":"publish","type":"page","link":"https:\/\/www.devicesystems.se\/index.php\/tjanster\/","title":{"rendered":"Tj\u00e4nster"},"content":{"rendered":"<h6>Vi har erfarenhet av att designa, bygga och implementera datasystem i skiftande verksamheter. Arbetar bland annat som systemutvecklare, installat\u00f6rer, projektledare &amp; utbildare.<\/h6>\n<h6><b>Device Systems AB<\/b>\u00a0tillhandah\u00e5ller kompetens och\u00a0 resurser f\u00f6r er som inte har tid sj\u00e4lva. Referenser \u00e4r processindustri, verkstadsindustri, tj\u00e4nstef\u00f6retag, detaljhandel, kommunal sektor, landsting, Vi \u00e4r HP partner samt Microsoft Network partner.<\/h6>\n<h6>V\u00e5ra IT konsulter \u00e4r ceritfierade i bl.a NETWORK +, MCP, MCSE, CITRIX, MS SQL \u00e4ven ELJO LAN f\u00f6r att ge 15\u00e5rs garanti p\u00e5 kabeldragning.<\/h6>\n<h6><\/h6>\n<h6>Exempel p\u00e5 uppdrag:<\/h6>\n<h6>&#8211; System- och N\u00e4tverks\u00f6vervakning<\/h6>\n<h6>&#8211; Installationer- och Konfigurationer<\/h6>\n<h6>&#8211; S\u00e4kerhet, Utbildning<\/h6>\n<h6>&#8211; Virtualisering, Design och Projektering<\/h6>\n<h6>&#8211; F\u00f6rs\u00e4ljning IT Produkter<\/h6>\n<h6>&#8211; Underh\u00e5ll, Drift och Support<\/h6>\n<h6>&#8211; Kamera\u00f6vervakning<\/h6>\n<h6>&#8211; Medicintekniska produkter fr\u00e5n Welch Allyn,<br \/>\nleverans support och utbildning.<\/h6>\n<h6>&#8211; &#8220;Resurs att hyra&#8221;<\/h6>\n<p><img loading=\"lazy\" decoding=\"async\" class=\"alignleft\" src=\"http:\/\/devicesystems.se\/images\/mcse.png\" alt=\"MSCE\" width=\"190\" height=\"170\" \/><\/p>\n<p><img loading=\"lazy\" decoding=\"async\" class=\"alignleft\" src=\"http:\/\/devicesystems.se\/images\/citrix.png\" alt=\"Citrix\" width=\"211\" height=\"117\" \/><\/p>\n<p><img loading=\"lazy\" decoding=\"async\" class=\"alignleft\" style=\"font-family: inherit; font-size: inherit;\" src=\"http:\/\/devicesystems.se\/images\/comptia.png\" alt=\"Comptia\" width=\"211\" height=\"117\" \/><\/p>\n<p><img loading=\"lazy\" decoding=\"async\" class=\"alignleft\" style=\"font-family: inherit; font-size: inherit;\" src=\"http:\/\/devicesystems.se\/images\/eljo.png\" alt=\"Eljo\" width=\"181\" height=\"103\" \/><\/p>\n<p><a href=\"http:\/\/www.welchallyn.se\/\" target=\"_blank\" rel=\"noopener\"><img loading=\"lazy\" decoding=\"async\" class=\"alignleft\" src=\"http:\/\/devicesystems.se\/images\/wa_logo.gif\" width=\"165\" height=\"33\" border=\"0\" \/><\/a><\/p>\n","protected":false},"excerpt":{"rendered":"<p>Vi har erfarenhet av att designa, bygga och implementera datasystem i skiftande verksamheter. Arbetar bland annat som systemutvecklare, installat\u00f6rer, projektledare &amp; utbildare. Device Systems AB\u00a0tillhandah\u00e5ller kompetens och\u00a0 resurser f\u00f6r er som inte har tid sj\u00e4lva. Referenser \u00e4r processindustri, verkstadsindustri, tj\u00e4nstef\u00f6retag, detaljhandel, kommunal sektor, landsting, Vi \u00e4r HP partner samt Microsoft Network partner. V\u00e5ra IT konsulter &hellip; <\/p>\n<p class=\"link-more\"><a href=\"https:\/\/www.devicesystems.se\/index.php\/tjanster\/\" class=\"more-link\">Continue reading<span class=\"screen-reader-text\"> &#8220;Tj\u00e4nster&#8221;<\/span><\/a><\/p>\n","protected":false},"author":1,"featured_media":0,"parent":0,"menu_order":0,"comment_status":"closed","ping_status":"closed","template":"","meta":{"footnotes":""},"class_list":["post-12","page","type-page","status-publish","hentry"],"_links":{"self":[{"href":"https:\/\/www.devicesystems.se\/index.php\/wp-json\/wp\/v2\/pages\/12","targetHints":{"allow":["GET"]}}],"collection":[{"href":"https:\/\/www.devicesystems.se\/index.php\/wp-json\/wp\/v2\/pages"}],"about":[{"href":"https:\/\/www.devicesystems.se\/index.php\/wp-json\/wp\/v2\/types\/page"}],"author":[{"embeddable":true,"href":"https:\/\/www.devicesystems.se\/index.php\/wp-json\/wp\/v2\/users\/1"}],"replies":[{"embeddable":true,"href":"https:\/\/www.devicesystems.se\/index.php\/wp-json\/wp\/v2\/comments?post=12"}],"version-history":[{"count":17,"href":"https:\/\/www.devicesystems.se\/index.php\/wp-json\/wp\/v2\/pages\/12\/revisions"}],"predecessor-version":[{"id":122,"href":"https:\/\/www.devicesystems.se\/index.php\/wp-json\/wp\/v2\/pages\/12\/revisions\/122"}],"wp:attachment":[{"href":"https:\/\/www.devicesystems.se\/index.php\/wp-json\/wp\/v2\/media?parent=12"}],"curies":[{"name":"wp","href":"https:\/\/api.w.org\/{rel}","templated":true}]}}